{"id":24481,"date":"2021-02-10T20:42:57","date_gmt":"2021-02-10T19:42:57","guid":{"rendered":"http:\/\/trzymajznami.pl\/?page_id=24481"},"modified":"2021-02-23T13:06:01","modified_gmt":"2021-02-23T12:06:01","slug":"o-mnie","status":"publish","type":"page","link":"https:\/\/trzymajznami.pl\/","title":{"rendered":"O blogu i o mnie"},"content":{"rendered":"\t\t<div data-elementor-type=\"wp-page\" data-elementor-id=\"24481\" class=\"elementor elementor-24481\" data-elementor-settings=\"[]\">\n\t\t\t\t\t\t<div class=\"elementor-inner\">\n\t\t\t\t\t\t\t<div class=\"elementor-section-wrap\">\n\t\t\t\t\t\t\t<section class=\"elementor-section elementor-top-section elementor-element elementor-element-73a55c2f elementor-section-boxed elementor-section-height-default elementor-section-height-default\" data-id=\"73a55c2f\" data-element_type=\"section\">\n\t\t\t\t\t\t<div class=\"elementor-container elementor-column-gap-default\">\n\t\t\t\t\t\t\t<div class=\"elementor-row\">\n\t\t\t\t\t<div class=\"elementor-column elementor-col-100 elementor-top-column elementor-element elementor-element-2495095e\" data-id=\"2495095e\" data-element_type=\"column\">\n\t\t\t<div class=\"elementor-column-wrap elementor-element-populated\">\n\t\t\t\t\t\t\t<div class=\"elementor-widget-wrap\">\n\t\t\t\t\t\t<div class=\"elementor-element elementor-element-1296406b elementor-widget elementor-widget-text-editor\" data-id=\"1296406b\" data-element_type=\"widget\" data-widget_type=\"text-editor.default\">\n\t\t\t\t<div class=\"elementor-widget-container\">\n\t\t\t\t\t<div class=\"elementor-text-editor elementor-clearfix\"><!-- wp:paragraph -->\n<p><strong>Dzie\u0144 dobry lub Dobry wiecz\u00f3r \ud83d\ude42<\/strong><\/p>\n<!-- \/wp:paragraph -->\n\n<!-- wp:paragraph -->\n<p>bo nie wiem, o jakiej porze dnia odwiedzasz m\u00f3j blog<\/p>\n<!-- \/wp:paragraph -->\n\n<!-- wp:paragraph -->\n<p>Czasem chorzy rezygnuj\u0105 z rehabilitacji, mimo \u017ce maj\u0105 du\u017ce szanse na powr\u00f3t do sprawno\u015bci, bo kto\u015b im powiedzia\u0142, \u017ce nic ju\u017c si\u0119 nie da zrobi\u0107. C\u00f3\u017c, ka\u017cda metoda ma swoje ograniczenia. Dopiero po\u0142\u0105czenie r\u00f3\u017cnych metod, stwarza nowe mo\u017cliwo\u015bci, now\u0105, lepsz\u0105 jako\u015b\u0107. Stosowanie tych samych metod dzia\u0142ania i oczekiwanie innych rezultat\u00f3w, Albert Einstein nazwa\u0142 \u201eob\u0142\u0119dem\u201d.<\/p>\n<!-- \/wp:paragraph -->\n\n<!-- wp:paragraph -->\n<p>Celem bloga #trzymajznami# jest poprawa jako\u015bci \u017cycia os\u00f3b z chorobami i urazami uk\u0142adu nerwowego, narz\u0105du ruchu i zwieraczy. Je\u017celi rehabilitacja nie daje dobrych rezultat\u00f3w, to nie zawsze dlatego, \u017ce nie mo\u017cna ich osi\u0105gn\u0105\u0107, ale dlatego, \u017ce nie wykorzystano odpowiednich metod.<\/p>\n<!-- \/wp:paragraph -->\n\n<!-- wp:paragraph -->\n<p>Wiotkie lub spastyczne pora\u017cenie mi\u0119\u015bni oraz problemy ze zwieraczami dotycz\u0105 dzieci i doros\u0142ych, jednak rzadko kiedy s\u0105 leczone optymalnie. Rehabilitacja ruchowa i leki to o wiele za ma\u0142o, aby uzyska\u0107 dobre efekty. Nauka zna nowe, skuteczniejsze metody. Poznaj je #trzymajznami#.<\/p>\n<!-- \/wp:paragraph -->\n\n<!-- wp:paragraph -->\n<p>Od 25 lat, stosuj\u0105c nowe metody pomagam chorym, kt\u00f3rych problemem jest #b\u00f3l przewlek\u0142y#,#uraz nerw\u00f3w#,#pora\u017cenie mi\u0119\u015bni#, #niedow\u0142ad#,#spastyczno\u015b\u0107#, #nietrzymanie moczu#,#p\u0119cherz neurogenny#,#nietrzymanie stolca#,#zaparcia#,<\/p>\n<!-- \/wp:paragraph -->\n\n<!-- wp:paragraph -->\n<p>#b\u00f3le miednicy#, #b\u00f3le mi\u0119\u015bni# i #b\u00f3le staw\u00f3w#.<\/p>\n<!-- \/wp:paragraph -->\n\n<!-- wp:paragraph -->\n<p>W pracy korzystam z #elektromiografia#, terapii #biofeedback# i #stymulacja funkcjonalna#, metod, kt\u00f3re powinny by\u0107 <strong>podstaw\u0105<\/strong> w rehabilitacji neurologicznej os\u00f3b z pora\u017ceniem mi\u0119\u015bni ko\u0144czyn lub zwieraczy. Aktywizuj\u0105 m\u00f3zg do naprawy uszkodze\u0144 uk\u0142adu nerwowego, a on napraw\u0105 kieruje.<\/p>\n<!-- \/wp:paragraph -->\n\n<!-- wp:paragraph -->\n<p>Zapraszam doros\u0142ych i dzieci, kt\u00f3rych dotkn\u0105\u0142 #udar#, #uraz rdzenia kr\u0119gowego#, #uraz nerwu#,#mozgowe pora\u017cenie dzieci\u0119ce#, #przepuklina oponowo-rdzeniowa#, #stwardnienie rozsiane#, #SMA#, #parkinsonizm#, #polineuropatia#, #b\u00f3le kr\u0119gos\u0142upa#.<\/p>\n<!-- \/wp:paragraph -->\n\n<!-- wp:paragraph -->\n<p>Moja praca jest fascynuj\u0105ca. Dowodzi ogromnych mo\u017cliwo\u015bci regeneracji uk\u0142adu nerwowego, o ile zastosuje si\u0119 w\u0142a\u015bciwe metody terapii i motywacji chorych do zaanga\u017cowania si\u0119 w popraw\u0119 zdrowia. To ich cia\u0142o ma w sobie moc samoleczenia, a odpowiednie metody tylko budz\u0105 j\u0105 ze snu.<\/p>\n<!-- \/wp:paragraph -->\n\n<!-- wp:paragraph -->\n<p>Je\u017celi jeste\u015b lekarzem, fizjoterapeut\u0105 lub chorym i interesuje Ciebie wiedza o tym, jak mo\u017cna osobom z wymienionymi wy\u017cej chorobami pom\u00f3c skuteczniej \u2013 zapraszam do wizyt na blogu i do kontaktu.<\/p>\n<!-- \/wp:paragraph -->\n\n<!-- wp:paragraph -->\n<p>Chcesz uzyska\u0107 pomoc w Twoich wysi\u0142kach s\u0142u\u017c\u0105cych odzyskaniu zdrowia?<\/p>\n<!-- \/wp:paragraph -->\n\n<!-- wp:paragraph -->\n<p>Mie\u0107 dost\u0119p do najnowszej wiedzy?<\/p>\n<!-- \/wp:paragraph -->\n\n<!-- wp:paragraph -->\n<p>Pozna\u0107 historie os\u00f3b, kt\u00f3re odzyska\u0142y sprawno\u015b\u0107 po uszkodzeniach uk\u0142adu nerwowego?<\/p>\n<!-- \/wp:paragraph -->\n\n<!-- wp:paragraph -->\n<p><strong>Zapisz si\u0119 do newslettera. Nigdy i nikomu nie udost\u0119pniam adres\u00f3w e-mail.<\/strong><\/p>\n<!-- \/wp:paragraph -->\n\n<!-- wp:paragraph -->\n<p>Podziel si\u0119 z innymi Twoimi do\u015bwiadczeniami i wiedz\u0105, aby im doda\u0107 otuchy i u\u0142atwi\u0107 powr\u00f3t do zdrowia. W\u0142a\u015bciwe s\u0142owa wiele znacz\u0105 a minimalizowanie stresu spowodowanego chorob\u0105, zwi\u0119ksza szanse wyleczenia.<\/p>\n<!-- \/wp:paragraph --><\/div>\n\t\t\t\t<\/div>\n\t\t\t\t<\/div>\n\t\t\t\t\t\t<\/div>\n\t\t\t\t\t<\/div>\n\t\t<\/div>\n\t\t\t\t\t\t\t\t<\/div>\n\t\t\t\t\t<\/div>\n\t\t<\/section>\n\t\t\t\t\t\t<\/div>\n\t\t\t\t\t\t<\/div>\n\t\t\t\t\t<\/div>\n\t\t","protected":false},"excerpt":{"rendered":"<p>Dzie\u0144 dobry lub Dobry wiecz\u00f3r \ud83d\ude42 bo nie wiem, o jakiej porze dnia odwiedzasz m\u00f3j blog Czasem chorzy rezygnuj\u0105 z rehabilitacji, mimo \u017ce maj\u0105 du\u017ce szanse na powr\u00f3t do sprawno\u015bci, bo kto\u015b im powiedzia\u0142, \u017ce nic ju\u017c si\u0119 nie da zrobi\u0107. C\u00f3\u017c, ka\u017cda metoda ma swoje ograniczenia. Dopiero po\u0142\u0105czenie r\u00f3\u017cnych metod, stwarza nowe mo\u017cliwo\u015bci, now\u0105, &#8230; <a title=\"O blogu i o mnie\" class=\"read-more\" href=\"https:\/\/trzymajznami.pl\/\" aria-label=\"More on O blogu i o mnie\">Czytaj dalej<\/a><\/p>\n","protected":false},"author":1,"featured_media":0,"parent":0,"menu_order":0,"comment_status":"closed","ping_status":"closed","template":"","meta":{"footnotes":""},"class_list":["post-24481","page","type-page","status-publish"],"uagb_featured_image_src":{"full":false,"thumbnail":false,"medium":false,"medium_large":false,"large":false,"1536x1536":false,"2048x2048":false},"uagb_author_info":{"display_name":"admin","author_link":"https:\/\/trzymajznami.pl\/index.php\/author\/admin\/"},"uagb_comment_info":0,"uagb_excerpt":"Dzie\u0144 dobry lub Dobry wiecz\u00f3r \ud83d\ude42 bo nie wiem, o jakiej porze dnia odwiedzasz m\u00f3j blog Czasem chorzy rezygnuj\u0105 z rehabilitacji, mimo \u017ce maj\u0105 du\u017ce szanse na powr\u00f3t do sprawno\u015bci, bo kto\u015b im powiedzia\u0142, \u017ce nic ju\u017c si\u0119 nie da zrobi\u0107. C\u00f3\u017c, ka\u017cda metoda ma swoje ograniczenia. Dopiero po\u0142\u0105czenie r\u00f3\u017cnych metod, stwarza nowe mo\u017cliwo\u015bci, now\u0105,&hellip;","_links":{"self":[{"href":"https:\/\/trzymajznami.pl\/index.php\/wp-json\/wp\/v2\/pages\/24481","targetHints":{"allow":["GET"]}}],"collection":[{"href":"https:\/\/trzymajznami.pl\/index.php\/wp-json\/wp\/v2\/pages"}],"about":[{"href":"https:\/\/trzymajznami.pl\/index.php\/wp-json\/wp\/v2\/types\/page"}],"author":[{"embeddable":true,"href":"https:\/\/trzymajznami.pl\/index.php\/wp-json\/wp\/v2\/users\/1"}],"replies":[{"embeddable":true,"href":"https:\/\/trzymajznami.pl\/index.php\/wp-json\/wp\/v2\/comments?post=24481"}],"version-history":[{"count":4,"href":"https:\/\/trzymajznami.pl\/index.php\/wp-json\/wp\/v2\/pages\/24481\/revisions"}],"predecessor-version":[{"id":24539,"href":"https:\/\/trzymajznami.pl\/index.php\/wp-json\/wp\/v2\/pages\/24481\/revisions\/24539"}],"wp:attachment":[{"href":"https:\/\/trzymajznami.pl\/index.php\/wp-json\/wp\/v2\/media?parent=24481"}],"curies":[{"name":"wp","href":"https:\/\/api.w.org\/{rel}","templated":true}]}}